{"id":34904,"date":"2023-11-30T09:51:58","date_gmt":"2023-11-30T08:51:58","guid":{"rendered":"https:\/\/www.dalhalla.se\/?page_id=34904"},"modified":"2026-04-16T12:50:46","modified_gmt":"2026-04-16T11:50:46","slug":"food-court","status":"publish","type":"page","link":"https:\/\/www.dalhalla.se\/en\/food-court\/","title":{"rendered":"Food Court"},"content":{"rendered":"\t\t<div data-elementor-type=\"wp-page\" data-elementor-id=\"34904\" class=\"elementor elementor-34904 elementor-30431\" data-elementor-post-type=\"page\">\n\t\t\t\t\t\t<section class=\"elementor-section elementor-top-section elementor-element elementor-element-4a5e8c7 elementor-section-height-min-height elementor-section-boxed elementor-section-height-default elementor-section-items-middle\" data-id=\"4a5e8c7\" data-element_type=\"section\" data-settings=\"{&quot;background_background&quot;:&quot;classic&quot;}\">\n\t\t\t\t\t\t<div class=\"elementor-container elementor-column-gap-default\">\n\t\t\t\t\t<div class=\"elementor-column elementor-col-100 elementor-top-column elementor-element elementor-element-9467d19\" data-id=\"9467d19\" data-element_type=\"column\">\n\t\t\t<div class=\"elementor-widget-wrap\">\n\t\t\t\t\t\t\t<\/div>\n\t\t<\/div>\n\t\t\t\t\t<\/div>\n\t\t<\/section>\n\t\t\t\t<section class=\"elementor-section elementor-top-section elementor-element elementor-element-7dd2002 elementor-section-boxed elementor-section-height-default elementor-section-height-default\" data-id=\"7dd2002\" data-element_type=\"section\">\n\t\t\t\t\t\t<div class=\"elementor-container elementor-column-gap-default\">\n\t\t\t\t\t<div class=\"elementor-column elementor-col-100 elementor-top-column elementor-element elementor-element-298ed9c\" data-id=\"298ed9c\" data-element_type=\"column\">\n\t\t\t<div class=\"elementor-widget-wrap elementor-element-populated\">\n\t\t\t\t\t\t<div class=\"elementor-element elementor-element-3a8d942 elementor-widget elementor-widget-heading\" data-id=\"3a8d942\" data-element_type=\"widget\" data-widget_type=\"heading.default\">\n\t\t\t\t<div class=\"elementor-widget-container\">\n\t\t\t\t\t<h1 class=\"elementor-heading-title elementor-size-default\">Food court<\/h1>\t\t\t\t<\/div>\n\t\t\t\t<\/div>\n\t\t\t\t<div class=\"elementor-element elementor-element-4b4676e elementor-widget elementor-widget-text-editor\" data-id=\"4b4676e\" data-element_type=\"widget\" data-widget_type=\"text-editor.default\">\n\t\t\t\t<div class=\"elementor-widget-container\">\n\t\t\t\t\t\t\t\t\t<p>Arrive well in advance of the concert start to taste all the delicious treats available on-site. Here you&#8217;ll find a wide selection of delightful street food! We are actively working to reduce the use of plastic. Since the summer of 2024, no food or drinks will be served in plastic; instead, we use a more environmentally friendly cardboard.\u00a0 The entrance opens 2.5 hours before the concert starts, and at the same time, the food court and bars open. Dalhalla is cashless, and we only accept card payments. We reserve the right to make changes to offerings and menus. Welcome!<\/p>\t\t\t\t\t\t\t\t<\/div>\n\t\t\t\t<\/div>\n\t\t\t\t\t<\/div>\n\t\t<\/div>\n\t\t\t\t\t<\/div>\n\t\t<\/section>\n\t\t\t\t<section class=\"elementor-section elementor-top-section elementor-element elementor-element-eeb725d elementor-section-boxed elementor-section-height-default elementor-section-height-default elementor-invisible\" data-id=\"eeb725d\" data-element_type=\"section\" data-settings=\"{&quot;animation&quot;:&quot;fadeIn&quot;}\">\n\t\t\t\t\t\t<div class=\"elementor-container elementor-column-gap-default\">\n\t\t\t\t\t<div class=\"elementor-column elementor-col-33 elementor-top-column elementor-element elementor-element-2042953\" data-id=\"2042953\" data-element_type=\"column\">\n\t\t\t<div class=\"elementor-widget-wrap elementor-element-populated\">\n\t\t\t\t\t\t<div class=\"elementor-element elementor-element-4768151 elementor-widget elementor-widget-image\" data-id=\"4768151\" data-element_type=\"widget\" data-widget_type=\"image.default\">\n\t\t\t\t<div class=\"elementor-widget-container\">\n\t\t\t\t\t\t\t\t\t\t\t\t\t\t\t<img fetchpriority=\"high\" decoding=\"async\" width=\"700\" height=\"467\" src=\"https:\/\/www.dalhalla.se\/wp-content\/uploads\/2024\/05\/pizza-e1716378024646.jpg\" class=\"attachment-full size-full wp-image-36393\" alt=\"\" \/>\t\t\t\t\t\t\t\t\t\t\t\t\t\t\t<\/div>\n\t\t\t\t<\/div>\n\t\t\t\t<div class=\"elementor-element elementor-element-149306e elementor-widget elementor-widget-image-box\" data-id=\"149306e\" data-element_type=\"widget\" data-widget_type=\"image-box.default\">\n\t\t\t\t<div class=\"elementor-widget-container\">\n\t\t\t\t\t<div class=\"elementor-image-box-wrapper\"><div class=\"elementor-image-box-content\"><h2 class=\"elementor-image-box-title\">The pink pizza container<\/h2><p class=\"elementor-image-box-description\">Here, pizzas with the tastiest sourdough are baked! The pizza is served in perfectly sized slices, so you can eat more or choose different flavors. There are two different toppings to choose from: pesto (tomato sauce, grated Swedish cheese, mozzarella, pesto) or salami (tomats\u00e5s, salami milano, grated Swedish cheese, pepperoni, hot honey, parmesan). Welcome to a little piece of Italy!\n<\/p><\/div><\/div>\t\t\t\t<\/div>\n\t\t\t\t<\/div>\n\t\t\t\t\t<\/div>\n\t\t<\/div>\n\t\t\t\t<div class=\"elementor-column elementor-col-33 elementor-top-column elementor-element elementor-element-a752ecb\" data-id=\"a752ecb\" data-element_type=\"column\">\n\t\t\t<div class=\"elementor-widget-wrap elementor-element-populated\">\n\t\t\t\t\t\t<div class=\"elementor-element elementor-element-1752111 elementor-widget elementor-widget-image\" data-id=\"1752111\" data-element_type=\"widget\" data-widget_type=\"image.default\">\n\t\t\t\t<div class=\"elementor-widget-container\">\n\t\t\t\t\t\t\t\t\t\t\t\t\t\t\t<img decoding=\"async\" width=\"1037\" height=\"584\" src=\"https:\/\/www.dalhalla.se\/wp-content\/uploads\/2023\/11\/El-Caliza-e1698930077466.jpg\" class=\"attachment-1536x1536 size-1536x1536 wp-image-34235\" alt=\"\" srcset=\"https:\/\/www.dalhalla.se\/wp-content\/uploads\/2023\/11\/El-Caliza-e1698930077466.jpg 1037w, https:\/\/www.dalhalla.se\/wp-content\/uploads\/2023\/11\/El-Caliza-e1698930077466-300x169.jpg 300w, https:\/\/www.dalhalla.se\/wp-content\/uploads\/2023\/11\/El-Caliza-e1698930077466-1024x577.jpg 1024w, https:\/\/www.dalhalla.se\/wp-content\/uploads\/2023\/11\/El-Caliza-e1698930077466-768x433.jpg 768w\" sizes=\"(max-width: 1037px) 100vw, 1037px\" \/>\t\t\t\t\t\t\t\t\t\t\t\t\t\t\t<\/div>\n\t\t\t\t<\/div>\n\t\t\t\t<div class=\"elementor-element elementor-element-76a77f1 elementor-widget elementor-widget-image-box\" data-id=\"76a77f1\" data-element_type=\"widget\" data-widget_type=\"image-box.default\">\n\t\t\t\t<div class=\"elementor-widget-container\">\n\t\t\t\t\t<div class=\"elementor-image-box-wrapper\"><div class=\"elementor-image-box-content\"><h2 class=\"elementor-image-box-title\">La Caliza<\/h2><p class=\"elementor-image-box-description\">Do you like tacos? Then head to the food court and La Caliza! Inspired by Mexico, we serve delightful tacos filled with flavorful delights. You can expect food made from typical Mexican ingredients such as corn, beans, and tomatoes seasoned with coriander, lime, and chili. A variety of meat, poultry, and vegetarian options will be available on the menu. The food can be surved as gluten-free, dairy-free, and lactose free. \u00a1Bienvenido y buen provecho!<\/p><\/div><\/div>\t\t\t\t<\/div>\n\t\t\t\t<\/div>\n\t\t\t\t\t<\/div>\n\t\t<\/div>\n\t\t\t\t<div class=\"elementor-column elementor-col-33 elementor-top-column elementor-element elementor-element-af92d47\" data-id=\"af92d47\" data-element_type=\"column\">\n\t\t\t<div class=\"elementor-widget-wrap elementor-element-populated\">\n\t\t\t\t\t\t<div class=\"elementor-element elementor-element-0eee4fb elementor-widget elementor-widget-image\" data-id=\"0eee4fb\" data-element_type=\"widget\" data-widget_type=\"image.default\">\n\t\t\t\t<div class=\"elementor-widget-container\">\n\t\t\t\t\t\t\t\t\t\t\t\t\t\t\t<img decoding=\"async\" src=\"https:\/\/www.dalhalla.se\/wp-content\/uploads\/elementor\/thumbs\/burgerbox-qtxy9bcs52or99iynqasq12t3td71ljglc47o4ypm8.jpeg\" title=\"burgerbox\" alt=\"burgerbox\" loading=\"lazy\" \/>\t\t\t\t\t\t\t\t\t\t\t\t\t\t\t<\/div>\n\t\t\t\t<\/div>\n\t\t\t\t<div class=\"elementor-element elementor-element-7db45fb elementor-widget elementor-widget-image-box\" data-id=\"7db45fb\" data-element_type=\"widget\" data-widget_type=\"image-box.default\">\n\t\t\t\t<div class=\"elementor-widget-container\">\n\t\t\t\t\t<div class=\"elementor-image-box-wrapper\"><div class=\"elementor-image-box-content\"><h2 class=\"elementor-image-box-title\">Burgerbox<\/h2><p class=\"elementor-image-box-description\">At Burger Box, we naturally have burgers! Here, we serve a juicy smash burger (alternativley breaded veggie burger), with sauerkraut, Dalhalla dressing and aged cheddar. The meat in the burger is 100% Swedish. The burger can be served vegetarian, gluten-free, dairy-free, egg-free and mustard-free.<\/p><\/div><\/div>\t\t\t\t<\/div>\n\t\t\t\t<\/div>\n\t\t\t\t\t<\/div>\n\t\t<\/div>\n\t\t\t\t\t<\/div>\n\t\t<\/section>\n\t\t\t\t<section class=\"elementor-section elementor-top-section elementor-element elementor-element-9353793 elementor-section-boxed elementor-section-height-default elementor-section-height-default elementor-invisible\" data-id=\"9353793\" data-element_type=\"section\" data-settings=\"{&quot;animation&quot;:&quot;fadeIn&quot;}\">\n\t\t\t\t\t\t<div class=\"elementor-container elementor-column-gap-default\">\n\t\t\t\t\t<div class=\"elementor-column elementor-col-100 elementor-top-column elementor-element elementor-element-8fd7372\" data-id=\"8fd7372\" data-element_type=\"column\">\n\t\t\t<div class=\"elementor-widget-wrap elementor-element-populated\">\n\t\t\t\t\t\t<div class=\"elementor-element elementor-element-12beaea elementor-widget elementor-widget-image\" data-id=\"12beaea\" data-element_type=\"widget\" data-widget_type=\"image.default\">\n\t\t\t\t<div class=\"elementor-widget-container\">\n\t\t\t\t\t\t\t\t\t\t\t\t\t\t\t<img decoding=\"async\" width=\"640\" height=\"360\" src=\"https:\/\/www.dalhalla.se\/wp-content\/uploads\/2024\/05\/Evalott.jpeg\" class=\"attachment-large size-large wp-image-36418\" alt=\"\" srcset=\"https:\/\/www.dalhalla.se\/wp-content\/uploads\/2024\/05\/Evalott.jpeg 640w, https:\/\/www.dalhalla.se\/wp-content\/uploads\/2024\/05\/Evalott-300x169.jpeg 300w\" sizes=\"(max-width: 640px) 100vw, 640px\" \/>\t\t\t\t\t\t\t\t\t\t\t\t\t\t\t<\/div>\n\t\t\t\t<\/div>\n\t\t\t\t<div class=\"elementor-element elementor-element-33366c5 elementor-widget__width-initial elementor-widget-mobile__width-inherit elementor-widget elementor-widget-image-box\" data-id=\"33366c5\" data-element_type=\"widget\" data-widget_type=\"image-box.default\">\n\t\t\t\t<div class=\"elementor-widget-container\">\n\t\t\t\t\t<div class=\"elementor-image-box-wrapper\"><div class=\"elementor-image-box-content\"><h2 class=\"elementor-image-box-title\">Eva-Lott's Kitchen<\/h2><p class=\"elementor-image-box-description\">R\u00e4ttvik's own food queen visits Dalhalla for the sixth consecutive year with her well-known food truck! Eva-Lott has not only written several cookbooks, won the Nordic Championship, and been a finalist in Sweden's MasterChef. She has also designed her food truck herself and served food at countless events, parties, and concerts. \n\nEva-Lott's food philosophy is delicious, well-cooked food made from scratch with local and locally sourced ingredients for a happy stomach. This year's menu includes hearty sandwiches, served in thin bread (gluten-free avaliable), from Dalarna and a little bit from the sea.<\/p><\/div><\/div>\t\t\t\t<\/div>\n\t\t\t\t<\/div>\n\t\t\t\t\t<\/div>\n\t\t<\/div>\n\t\t\t\t\t<\/div>\n\t\t<\/section>\n\t\t\t\t<section class=\"elementor-section elementor-top-section elementor-element elementor-element-2c5d740 elementor-hidden-desktop elementor-hidden-tablet elementor-hidden-mobile elementor-section-boxed elementor-section-height-default elementor-section-height-default elementor-invisible\" data-id=\"2c5d740\" data-element_type=\"section\" data-settings=\"{&quot;animation&quot;:&quot;fadeIn&quot;}\">\n\t\t\t\t\t\t<div class=\"elementor-container elementor-column-gap-default\">\n\t\t\t\t\t<div class=\"elementor-column elementor-col-50 elementor-top-column elementor-element elementor-element-64b42c4\" data-id=\"64b42c4\" data-element_type=\"column\">\n\t\t\t<div class=\"elementor-widget-wrap elementor-element-populated\">\n\t\t\t\t\t\t<div class=\"elementor-element elementor-element-3374d6f elementor-widget elementor-widget-image\" data-id=\"3374d6f\" data-element_type=\"widget\" data-widget_type=\"image.default\">\n\t\t\t\t<div class=\"elementor-widget-container\">\n\t\t\t\t\t\t\t\t\t\t\t\t\t\t\t<img decoding=\"async\" width=\"640\" height=\"360\" src=\"https:\/\/www.dalhalla.se\/wp-content\/uploads\/2024\/05\/Evalott.jpeg\" class=\"attachment-large size-large wp-image-36418\" alt=\"\" srcset=\"https:\/\/www.dalhalla.se\/wp-content\/uploads\/2024\/05\/Evalott.jpeg 640w, https:\/\/www.dalhalla.se\/wp-content\/uploads\/2024\/05\/Evalott-300x169.jpeg 300w\" sizes=\"(max-width: 640px) 100vw, 640px\" \/>\t\t\t\t\t\t\t\t\t\t\t\t\t\t\t<\/div>\n\t\t\t\t<\/div>\n\t\t\t\t<div class=\"elementor-element elementor-element-c47c5d2 elementor-widget elementor-widget-image-box\" data-id=\"c47c5d2\" data-element_type=\"widget\" data-widget_type=\"image-box.default\">\n\t\t\t\t<div class=\"elementor-widget-container\">\n\t\t\t\t\t<div class=\"elementor-image-box-wrapper\"><div class=\"elementor-image-box-content\"><h2 class=\"elementor-image-box-title\">Eva-Lott's Kitchen<\/h2><p class=\"elementor-image-box-description\">R\u00e4ttvik's own food queen visits Dalhalla for the sixth consecutive year with her well-known food truck! Eva-Lott has not only written several cookbooks, won the Nordic Championship, and been a finalist in Sweden's MasterChef, but she has also designed her food truck and served food at countless events, parties, and concerts. Eva-Lott's food philosophy is delicious, well-cooked food made from scratch with local and locally sourced ingredients for a happy stomach. This year's menu includes hearty sandwiches, served in thin bread, from Dalarna and a bit from the sea.<\/p><\/div><\/div>\t\t\t\t<\/div>\n\t\t\t\t<\/div>\n\t\t\t\t\t<\/div>\n\t\t<\/div>\n\t\t\t\t<div class=\"elementor-column elementor-col-50 elementor-top-column elementor-element elementor-element-e200442\" data-id=\"e200442\" data-element_type=\"column\">\n\t\t\t<div class=\"elementor-widget-wrap elementor-element-populated\">\n\t\t\t\t\t\t<div class=\"elementor-element elementor-element-0767384 elementor-widget elementor-widget-image\" data-id=\"0767384\" data-element_type=\"widget\" data-widget_type=\"image.default\">\n\t\t\t\t<div class=\"elementor-widget-container\">\n\t\t\t\t\t\t\t\t\t\t\t\t\t\t\t<img loading=\"lazy\" decoding=\"async\" width=\"800\" height=\"441\" src=\"https:\/\/www.dalhalla.se\/wp-content\/uploads\/2023\/11\/Holy-Smoke-BBQ-e1698930827444-1024x565.jpg\" class=\"attachment-large size-large wp-image-34237\" alt=\"\" srcset=\"https:\/\/www.dalhalla.se\/wp-content\/uploads\/2023\/11\/Holy-Smoke-BBQ-e1698930827444-1024x565.jpg 1024w, https:\/\/www.dalhalla.se\/wp-content\/uploads\/2023\/11\/Holy-Smoke-BBQ-e1698930827444-300x165.jpg 300w, https:\/\/www.dalhalla.se\/wp-content\/uploads\/2023\/11\/Holy-Smoke-BBQ-e1698930827444-768x423.jpg 768w, https:\/\/www.dalhalla.se\/wp-content\/uploads\/2023\/11\/Holy-Smoke-BBQ-e1698930827444.jpg 1500w\" sizes=\"(max-width: 800px) 100vw, 800px\" \/>\t\t\t\t\t\t\t\t\t\t\t\t\t\t\t<\/div>\n\t\t\t\t<\/div>\n\t\t\t\t<div class=\"elementor-element elementor-element-403ad94 elementor-widget elementor-widget-image-box\" data-id=\"403ad94\" data-element_type=\"widget\" data-widget_type=\"image-box.default\">\n\t\t\t\t<div class=\"elementor-widget-container\">\n\t\t\t\t\t<div class=\"elementor-image-box-wrapper\"><div class=\"elementor-image-box-content\"><h2 class=\"elementor-image-box-title\">Holy Smoke BBQ<\/h2><p class=\"elementor-image-box-description\">On-site, we have the well-renowned Holy Smoke BBQ, which has traveled all the way from Br\u00e4cke in Sk\u00e5ne to Dalarna and R\u00e4ttvik. Tender smoked meat is Holy Smoke's specialty, and they serve it with the most delicious accompaniments. Bringing a fine selection of sandwiches to Dalhalla, with contents cooked by fire and smoke, how about a Korean Pork Belly Sandwich or Pulled Pork Sandwich? The aroma from the barbecue and the smooth smoky flavor they've perfected is a delight for all the senses!<\/p><\/div><\/div>\t\t\t\t<\/div>\n\t\t\t\t<\/div>\n\t\t\t\t\t<\/div>\n\t\t<\/div>\n\t\t\t\t\t<\/div>\n\t\t<\/section>\n\t\t\t\t<\/div>\n\t\t","protected":false},"excerpt":{"rendered":"<p>Food court Arrive well in advance of the concert start to taste all the delicious treats available on-site. Here you&#8217;ll find a wide selection of delightful street food! We are actively working to reduce the use of plastic. Since the summer of 2024, no food or drinks will be served in plastic; instead, we use [&hellip;]<\/p>\n","protected":false},"author":19,"featured_media":0,"parent":0,"menu_order":0,"comment_status":"closed","ping_status":"closed","template":"elementor_header_footer","meta":{"_acf_changed":false,"_mi_skip_tracking":false,"_exactmetrics_sitenote_active":false,"_exactmetrics_sitenote_note":"","_exactmetrics_sitenote_category":0,"footnotes":""},"categories":[],"tags":[],"class_list":["post-34904","page","type-page","status-publish","hentry"],"acf":[],"yoast_head":"<!-- This site is optimized with the Yoast SEO plugin v21.3 - https:\/\/yoast.com\/wordpress\/plugins\/seo\/ -->\n<title>Food Court - Dalhalla<\/title>\n<meta name=\"robots\" content=\"index, follow, max-snippet:-1, max-image-preview:large, max-video-preview:-1\" \/>\n<link rel=\"canonical\" href=\"https:\/\/www.dalhalla.se\/foodcourt\/\" \/>\n<meta property=\"og:locale\" content=\"en_US\" \/>\n<meta property=\"og:type\" content=\"article\" \/>\n<meta property=\"og:title\" content=\"Food Court - Dalhalla\" \/>\n<meta property=\"og:description\" content=\"Food court Arrive well in advance of the concert start to taste all the delicious treats available on-site. Here you&#8217;ll find a wide selection of delightful street food! We are actively working to reduce the use of plastic. Since the summer of 2024, no food or drinks will be served in plastic; instead, we use [&hellip;]\" \/>\n<meta property=\"og:url\" content=\"https:\/\/www.dalhalla.se\/foodcourt\/\" \/>\n<meta property=\"og:site_name\" content=\"Dalhalla\" \/>\n<meta property=\"article:modified_time\" content=\"2026-04-16T11:50:46+00:00\" \/>\n<meta property=\"og:image\" content=\"https:\/\/www.dalhalla.se\/wp-content\/uploads\/2024\/05\/pizza-e1716378024646.jpg\" \/>\n<meta name=\"twitter:label1\" content=\"Est. reading time\" \/>\n\t<meta name=\"twitter:data1\" content=\"4 minutes\" \/>\n<script type=\"application\/ld+json\" class=\"yoast-schema-graph\">{\"@context\":\"https:\/\/schema.org\",\"@graph\":[{\"@type\":\"WebPage\",\"@id\":\"https:\/\/www.dalhalla.se\/foodcourt\/\",\"url\":\"https:\/\/www.dalhalla.se\/foodcourt\/\",\"name\":\"Food Court - Dalhalla\",\"isPartOf\":{\"@id\":\"https:\/\/www.dalhalla.se\/#website\"},\"datePublished\":\"2023-11-30T08:51:58+00:00\",\"dateModified\":\"2026-04-16T11:50:46+00:00\",\"breadcrumb\":{\"@id\":\"https:\/\/www.dalhalla.se\/foodcourt\/#breadcrumb\"},\"inLanguage\":\"en-US\",\"potentialAction\":[{\"@type\":\"ReadAction\",\"target\":[\"https:\/\/www.dalhalla.se\/foodcourt\/\"]}]},{\"@type\":\"BreadcrumbList\",\"@id\":\"https:\/\/www.dalhalla.se\/foodcourt\/#breadcrumb\",\"itemListElement\":[{\"@type\":\"ListItem\",\"position\":1,\"name\":\"Hem\",\"item\":\"https:\/\/www.dalhalla.se\/en\/\"},{\"@type\":\"ListItem\",\"position\":2,\"name\":\"Food Court\"}]},{\"@type\":\"WebSite\",\"@id\":\"https:\/\/www.dalhalla.se\/#website\",\"url\":\"https:\/\/www.dalhalla.se\/\",\"name\":\"Dalhalla\",\"description\":\"\",\"publisher\":{\"@id\":\"https:\/\/www.dalhalla.se\/#organization\"},\"potentialAction\":[{\"@type\":\"SearchAction\",\"target\":{\"@type\":\"EntryPoint\",\"urlTemplate\":\"https:\/\/www.dalhalla.se\/?s={search_term_string}\"},\"query-input\":\"required name=search_term_string\"}],\"inLanguage\":\"en-US\"},{\"@type\":\"Organization\",\"@id\":\"https:\/\/www.dalhalla.se\/#organization\",\"name\":\"Dalhalla\",\"url\":\"https:\/\/www.dalhalla.se\/\",\"logo\":{\"@type\":\"ImageObject\",\"inLanguage\":\"en-US\",\"@id\":\"https:\/\/www.dalhalla.se\/#\/schema\/logo\/image\/\",\"url\":\"https:\/\/www.dalhalla.se\/wp-content\/uploads\/2018\/06\/dalhalla_logo_svart.png\",\"contentUrl\":\"https:\/\/www.dalhalla.se\/wp-content\/uploads\/2018\/06\/dalhalla_logo_svart.png\",\"width\":1500,\"height\":665,\"caption\":\"Dalhalla\"},\"image\":{\"@id\":\"https:\/\/www.dalhalla.se\/#\/schema\/logo\/image\/\"}}]}<\/script>\n<!-- \/ Yoast SEO plugin. -->","yoast_head_json":{"title":"Food Court - Dalhalla","robots":{"index":"index","follow":"follow","max-snippet":"max-snippet:-1","max-image-preview":"max-image-preview:large","max-video-preview":"max-video-preview:-1"},"canonical":"https:\/\/www.dalhalla.se\/foodcourt\/","og_locale":"en_US","og_type":"article","og_title":"Food Court - Dalhalla","og_description":"Food court Arrive well in advance of the concert start to taste all the delicious treats available on-site. Here you&#8217;ll find a wide selection of delightful street food! We are actively working to reduce the use of plastic. Since the summer of 2024, no food or drinks will be served in plastic; instead, we use [&hellip;]","og_url":"https:\/\/www.dalhalla.se\/foodcourt\/","og_site_name":"Dalhalla","article_modified_time":"2026-04-16T11:50:46+00:00","og_image":[{"url":"https:\/\/www.dalhalla.se\/wp-content\/uploads\/2024\/05\/pizza-e1716378024646.jpg"}],"twitter_misc":{"Est. reading time":"4 minutes"},"schema":{"@context":"https:\/\/schema.org","@graph":[{"@type":"WebPage","@id":"https:\/\/www.dalhalla.se\/foodcourt\/","url":"https:\/\/www.dalhalla.se\/foodcourt\/","name":"Food Court - Dalhalla","isPartOf":{"@id":"https:\/\/www.dalhalla.se\/#website"},"datePublished":"2023-11-30T08:51:58+00:00","dateModified":"2026-04-16T11:50:46+00:00","breadcrumb":{"@id":"https:\/\/www.dalhalla.se\/foodcourt\/#breadcrumb"},"inLanguage":"en-US","potentialAction":[{"@type":"ReadAction","target":["https:\/\/www.dalhalla.se\/foodcourt\/"]}]},{"@type":"BreadcrumbList","@id":"https:\/\/www.dalhalla.se\/foodcourt\/#breadcrumb","itemListElement":[{"@type":"ListItem","position":1,"name":"Hem","item":"https:\/\/www.dalhalla.se\/en\/"},{"@type":"ListItem","position":2,"name":"Food Court"}]},{"@type":"WebSite","@id":"https:\/\/www.dalhalla.se\/#website","url":"https:\/\/www.dalhalla.se\/","name":"Dalhalla","description":"","publisher":{"@id":"https:\/\/www.dalhalla.se\/#organization"},"potentialAction":[{"@type":"SearchAction","target":{"@type":"EntryPoint","urlTemplate":"https:\/\/www.dalhalla.se\/?s={search_term_string}"},"query-input":"required name=search_term_string"}],"inLanguage":"en-US"},{"@type":"Organization","@id":"https:\/\/www.dalhalla.se\/#organization","name":"Dalhalla","url":"https:\/\/www.dalhalla.se\/","logo":{"@type":"ImageObject","inLanguage":"en-US","@id":"https:\/\/www.dalhalla.se\/#\/schema\/logo\/image\/","url":"https:\/\/www.dalhalla.se\/wp-content\/uploads\/2018\/06\/dalhalla_logo_svart.png","contentUrl":"https:\/\/www.dalhalla.se\/wp-content\/uploads\/2018\/06\/dalhalla_logo_svart.png","width":1500,"height":665,"caption":"Dalhalla"},"image":{"@id":"https:\/\/www.dalhalla.se\/#\/schema\/logo\/image\/"}}]}},"_links":{"self":[{"href":"https:\/\/www.dalhalla.se\/en\/wp-json\/wp\/v2\/pages\/34904","targetHints":{"allow":["GET"]}}],"collection":[{"href":"https:\/\/www.dalhalla.se\/en\/wp-json\/wp\/v2\/pages"}],"about":[{"href":"https:\/\/www.dalhalla.se\/en\/wp-json\/wp\/v2\/types\/page"}],"author":[{"embeddable":true,"href":"https:\/\/www.dalhalla.se\/en\/wp-json\/wp\/v2\/users\/19"}],"replies":[{"embeddable":true,"href":"https:\/\/www.dalhalla.se\/en\/wp-json\/wp\/v2\/comments?post=34904"}],"version-history":[{"count":42,"href":"https:\/\/www.dalhalla.se\/en\/wp-json\/wp\/v2\/pages\/34904\/revisions"}],"predecessor-version":[{"id":42510,"href":"https:\/\/www.dalhalla.se\/en\/wp-json\/wp\/v2\/pages\/34904\/revisions\/42510"}],"wp:attachment":[{"href":"https:\/\/www.dalhalla.se\/en\/wp-json\/wp\/v2\/media?parent=34904"}],"wp:term":[{"taxonomy":"category","embeddable":true,"href":"https:\/\/www.dalhalla.se\/en\/wp-json\/wp\/v2\/categories?post=34904"},{"taxonomy":"post_tag","embeddable":true,"href":"https:\/\/www.dalhalla.se\/en\/wp-json\/wp\/v2\/tags?post=34904"}],"curies":[{"name":"wp","href":"https:\/\/api.w.org\/{rel}","templated":true}]}}